{"id":194,"date":"2018-10-04T04:27:11","date_gmt":"2018-10-04T04:27:11","guid":{"rendered":"http:\/\/themes.themegoods.com\/musico\/demo\/?page_id=194"},"modified":"2020-05-26T11:09:03","modified_gmt":"2020-05-26T11:09:03","slug":"blog-masonry","status":"publish","type":"page","link":"https:\/\/www.nataliapancec.ro\/index.php\/blog-masonry\/","title":{"rendered":"Blog Masonry"},"content":{"rendered":"\t\t<div data-elementor-type=\"wp-post\" data-elementor-id=\"194\" class=\"elementor elementor-194 elementor-bc-flex-widget\" data-elementor-settings=\"[]\">\n\t\t\t\t\t\t<div class=\"elementor-inner\">\n\t\t\t\t\t\t\t<div class=\"elementor-section-wrap\">\n\t\t\t\t\t\t\t<section class=\"elementor-section elementor-top-section elementor-element elementor-element-48f2cd3 headline transparent elementor-section-stretched elementor-section-boxed elementor-section-height-default elementor-section-height-default\" data-id=\"48f2cd3\" data-element_type=\"section\" data-settings=\"{&quot;stretch_section&quot;:&quot;section-stretched&quot;,&quot;background_background&quot;:&quot;video&quot;,&quot;shape_divider_bottom&quot;:&quot;tilt&quot;,&quot;background_video_link&quot;:&quot;https:\\\/\\\/www.youtube.com\\\/watch?v=IEIlW3xNUqw&quot;}\">\n\t\t\t\t\t\t\t\t<div class=\"elementor-background-video-container elementor-hidden-phone\">\n\t\t\t\t\t\t\t\t\t\t\t\t\t<div class=\"elementor-background-video-embed\"><\/div>\n\t\t\t\t\t\t\t\t\t\t\t\t<\/div>\n\t\t\t\t\t\t\t\t\t<div class=\"elementor-background-overlay\"><\/div>\n\t\t\t\t\t\t<div class=\"elementor-shape elementor-shape-bottom\" data-negative=\"false\">\n\t\t\t<svg xmlns=\"http:\/\/www.w3.org\/2000\/svg\" viewBox=\"0 0 1000 100\" preserveAspectRatio=\"none\">\n\t<path class=\"elementor-shape-fill\" d=\"M0,6V0h1000v100L0,6z\"\/>\n<\/svg>\t\t<\/div>\n\t\t\t\t\t<div class=\"elementor-container elementor-column-gap-default\">\n\t\t\t\t\t\t\t<div class=\"elementor-row\">\n\t\t\t\t\t<div class=\"elementor-column elementor-col-100 elementor-top-column elementor-element elementor-element-72c7fc8\" data-id=\"72c7fc8\" data-element_type=\"column\">\n\t\t\t<div class=\"elementor-column-wrap elementor-element-populated\">\n\t\t\t\t\t\t\t<div class=\"elementor-widget-wrap\">\n\t\t\t\t\t\t<div class=\"elementor-element elementor-element-f61efeb animated-fast elementor-invisible elementor-widget elementor-widget-heading\" data-id=\"f61efeb\" data-element_type=\"widget\" data-settings=\"{&quot;_animation&quot;:&quot;fadeInUp&quot;}\" data-widget_type=\"heading.default\">\n\t\t\t\t<div class=\"elementor-widget-container\">\n\t\t\t<span class=\"elementor-heading-title elementor-size-default\">Latest<\/span>\t\t<\/div>\n\t\t\t\t<\/div>\n\t\t\t\t<div class=\"elementor-element elementor-element-228cfc4 animated-fast elementor-invisible elementor-widget elementor-widget-heading\" data-id=\"228cfc4\" data-element_type=\"widget\" data-settings=\"{&quot;_animation&quot;:&quot;fadeInUp&quot;,&quot;_animation_delay&quot;:200}\" data-widget_type=\"heading.default\">\n\t\t\t\t<div class=\"elementor-widget-container\">\n\t\t\t<h1 class=\"elementor-heading-title elementor-size-default\">News<\/h1>\t\t<\/div>\n\t\t\t\t<\/div>\n\t\t\t\t\t\t<\/div>\n\t\t\t\t\t<\/div>\n\t\t<\/div>\n\t\t\t\t\t\t\t\t<\/div>\n\t\t\t\t\t<\/div>\n\t\t<\/section>\n\t\t\t\t<section class=\"elementor-section elementor-top-section elementor-element elementor-element-bac0144 elementor-section-full_width elementor-section-height-default elementor-section-height-default\" data-id=\"bac0144\" data-element_type=\"section\">\n\t\t\t\t\t\t<div class=\"elementor-container elementor-column-gap-default\">\n\t\t\t\t\t\t\t<div class=\"elementor-row\">\n\t\t\t\t\t<div class=\"elementor-column elementor-col-100 elementor-top-column elementor-element elementor-element-229659e\" data-id=\"229659e\" data-element_type=\"column\">\n\t\t\t<div class=\"elementor-column-wrap elementor-element-populated\">\n\t\t\t\t\t\t\t<div class=\"elementor-widget-wrap\">\n\t\t\t\t\t\t<div class=\"elementor-element elementor-element-7e5663d elementor-widget elementor-widget-photographer-blog-posts\" data-id=\"7e5663d\" data-element_type=\"widget\" data-widget_type=\"photographer-blog-posts.default\">\n\t\t\t\t<div class=\"elementor-widget-container\">\n\t\t\t<div class=\"blog_post_content_wrapper layout_masonry\">\n<!-- Begin each blog post -->\n<div class=\"blog-posts-masonry post-4259 post type-post status-publish format-standard has-post-thumbnail hentry category-evenimente\">\n\n\t<div class=\"post_wrapper\">\n\t\t\n\t\t\t\t    <div class=\"post_img static\">\n\t\t\t    \t\t\t    <div class=\"post_img_hover \">\n\t\t\t     \t\t\t\t\t     <img  src=\"https:\/\/www.nataliapancec.ro\/wp-content\/uploads\/2020\/02\/1-When-Violin-meets-Guitar-768x350.jpg\" class=\"lazy_masonry\" alt=\"\"\/>\n\t\t\t\t     \t\t\t     \t\t\t\t     \t<a href=\"https:\/\/www.nataliapancec.ro\/index.php\/2023\/02\/23\/meta-vivaldi-when-violin-meets-guitar\/\"><\/a>\n\t\t\t    <\/div>\n\t\t    <\/div>\n\t\t\t    \n\t    <div class=\"post_content_wrapper text_\">\n\t\t    \n\t\t    <div class=\"post_header\">\n\t\t\t    \t\t\t\t<div class=\"post_header_title\">\n\t\t\t\t    <h5><a href=\"https:\/\/www.nataliapancec.ro\/index.php\/2023\/02\/23\/meta-vivaldi-when-violin-meets-guitar\/\" title=\"Meta Vivaldi &#8211; When Violin meets Guitar\u200b\">Meta Vivaldi &#8211; When Violin meets Guitar\u200b<\/a><\/h5>\n\t\t\t\t<\/div>\n\t\t\t<\/div>\n\t    \n\t\t\t<div class=\"post_header_wrapper\">\n\t\t\t\t\t\t\t    \t\t\t    <div class=\"post_button_wrapper\">\n\t\t\t    \t<div class=\"post_attribute\">\n\t\t\t\t\t    <a href=\"https:\/\/www.nataliapancec.ro\/index.php\/2023\/02\/23\/meta-vivaldi-when-violin-meets-guitar\/\" title=\"Meta Vivaldi &#8211; When Violin meets Guitar\u200b\">February 23, 2023<\/a>\n\t\t\t\t\t<\/div>\n\t\t\t    <\/div>\n\t\t\t    \t\t\t<\/div>\n\t    <\/div>\n\t    \n\t<\/div>\n\n<\/div>\n\n<!-- End each blog post --><!-- Begin each blog post -->\n<div class=\"blog-posts-masonry post-4230 post type-post status-publish format-standard has-post-thumbnail hentry category-evenimente\">\n\n\t<div class=\"post_wrapper\">\n\t\t\n\t\t\t\t    <div class=\"post_img static\">\n\t\t\t    \t\t\t    <div class=\"post_img_hover \">\n\t\t\t     \t\t\t\t\t     <img  src=\"https:\/\/www.nataliapancec.ro\/wp-content\/uploads\/2022\/02\/WhatsApp-Image-2022-02-15-at-21.13.38.jpeg\" class=\"lazy_masonry\" alt=\"\"\/>\n\t\t\t\t     \t\t\t     \t\t\t\t     \t<a href=\"https:\/\/www.nataliapancec.ro\/index.php\/2022\/02\/16\/concert-cameral-beethoven-perpetuum-mobile\/\"><\/a>\n\t\t\t    <\/div>\n\t\t    <\/div>\n\t\t\t    \n\t    <div class=\"post_content_wrapper text_\">\n\t\t    \n\t\t    <div class=\"post_header\">\n\t\t\t    \t\t\t\t<div class=\"post_header_title\">\n\t\t\t\t    <h5><a href=\"https:\/\/www.nataliapancec.ro\/index.php\/2022\/02\/16\/concert-cameral-beethoven-perpetuum-mobile\/\" title=\"Concert cameral Beethoven Perpetuum Mobile\">Concert cameral Beethoven Perpetuum Mobile<\/a><\/h5>\n\t\t\t\t<\/div>\n\t\t\t<\/div>\n\t    \n\t\t\t<div class=\"post_header_wrapper\">\n\t\t\t\t\t\t\t    \t\t\t    <div class=\"post_button_wrapper\">\n\t\t\t    \t<div class=\"post_attribute\">\n\t\t\t\t\t    <a href=\"https:\/\/www.nataliapancec.ro\/index.php\/2022\/02\/16\/concert-cameral-beethoven-perpetuum-mobile\/\" title=\"Concert cameral Beethoven Perpetuum Mobile\">February 16, 2022<\/a>\n\t\t\t\t\t<\/div>\n\t\t\t    <\/div>\n\t\t\t    \t\t\t<\/div>\n\t    <\/div>\n\t    \n\t<\/div>\n\n<\/div>\n\n<!-- End each blog post --><!-- Begin each blog post -->\n<div class=\"blog-posts-masonry post-4200 post type-post status-publish format-standard has-post-thumbnail hentry category-concert-maestru category-evenimente\">\n\n\t<div class=\"post_wrapper\">\n\t\t\n\t\t\t\t    <div class=\"post_img static\">\n\t\t\t    \t\t\t    <div class=\"post_img_hover \">\n\t\t\t     \t\t\t\t\t     <img  src=\"https:\/\/www.nataliapancec.ro\/wp-content\/uploads\/2020\/04\/concertmaestru-natalia-Pancec-4-768x576.jpg\" class=\"lazy_masonry\" alt=\"\"\/>\n\t\t\t\t     \t\t\t     \t\t\t\t     \t<a href=\"https:\/\/www.nataliapancec.ro\/index.php\/2021\/01\/06\/concertul-de-anul-nou-al-orchestrei-filarmonicii-george-enescu\/\"><\/a>\n\t\t\t    <\/div>\n\t\t    <\/div>\n\t\t\t    \n\t    <div class=\"post_content_wrapper text_\">\n\t\t    \n\t\t    <div class=\"post_header\">\n\t\t\t    \t\t\t\t<div class=\"post_header_title\">\n\t\t\t\t    <h5><a href=\"https:\/\/www.nataliapancec.ro\/index.php\/2021\/01\/06\/concertul-de-anul-nou-al-orchestrei-filarmonicii-george-enescu\/\" title=\"Concertul de Anul Nou al orchestrei Filarmonicii George Enescu\">Concertul de Anul Nou al orchestrei Filarmonicii George Enescu<\/a><\/h5>\n\t\t\t\t<\/div>\n\t\t\t<\/div>\n\t    \n\t\t\t<div class=\"post_header_wrapper\">\n\t\t\t\t\t\t\t    \t\t\t    <div class=\"post_button_wrapper\">\n\t\t\t    \t<div class=\"post_attribute\">\n\t\t\t\t\t    <a href=\"https:\/\/www.nataliapancec.ro\/index.php\/2021\/01\/06\/concertul-de-anul-nou-al-orchestrei-filarmonicii-george-enescu\/\" title=\"Concertul de Anul Nou al orchestrei Filarmonicii George Enescu\">January 6, 2021<\/a>\n\t\t\t\t\t<\/div>\n\t\t\t    <\/div>\n\t\t\t    \t\t\t<\/div>\n\t    <\/div>\n\t    \n\t<\/div>\n\n<\/div>\n\n<!-- End each blog post --><!-- Begin each blog post -->\n<div class=\"blog-posts-masonry post-4149 post type-post status-publish format-standard has-post-thumbnail hentry category-evenimente\">\n\n\t<div class=\"post_wrapper\">\n\t\t\n\t\t\t\t    <div class=\"post_img static\">\n\t\t\t    \t\t\t    <div class=\"post_img_hover \">\n\t\t\t     \t\t\t\t\t     <img  src=\"https:\/\/www.nataliapancec.ro\/wp-content\/uploads\/2020\/10\/recital-19-oct-natalia-Pancec-768x456.jpg\" class=\"lazy_masonry\" alt=\"\"\/>\n\t\t\t\t     \t\t\t     \t\t\t\t     \t<a href=\"https:\/\/www.nataliapancec.ro\/index.php\/2020\/10\/15\/recital-cameral-natalia-pancec-adriana-toacsen-kamaraestje\/\"><\/a>\n\t\t\t    <\/div>\n\t\t    <\/div>\n\t\t\t    \n\t    <div class=\"post_content_wrapper text_\">\n\t\t    \n\t\t    <div class=\"post_header\">\n\t\t\t    \t\t\t\t<div class=\"post_header_title\">\n\t\t\t\t    <h5><a href=\"https:\/\/www.nataliapancec.ro\/index.php\/2020\/10\/15\/recital-cameral-natalia-pancec-adriana-toacsen-kamaraestje\/\" title=\"Recital cameral Natalia Pancec &#038; Adriana Toacsen kamaraestje\">Recital cameral Natalia Pancec &#038; Adriana Toacsen kamaraestje<\/a><\/h5>\n\t\t\t\t<\/div>\n\t\t\t<\/div>\n\t    \n\t\t\t<div class=\"post_header_wrapper\">\n\t\t\t\t\t\t\t    \t\t\t    <div class=\"post_button_wrapper\">\n\t\t\t    \t<div class=\"post_attribute\">\n\t\t\t\t\t    <a href=\"https:\/\/www.nataliapancec.ro\/index.php\/2020\/10\/15\/recital-cameral-natalia-pancec-adriana-toacsen-kamaraestje\/\" title=\"Recital cameral Natalia Pancec &#038; Adriana Toacsen kamaraestje\">October 15, 2020<\/a>\n\t\t\t\t\t<\/div>\n\t\t\t    <\/div>\n\t\t\t    \t\t\t<\/div>\n\t    <\/div>\n\t    \n\t<\/div>\n\n<\/div>\n\n<!-- End each blog post --><!-- Begin each blog post -->\n<div class=\"blog-posts-masonry post-4145 post type-post status-publish format-standard hentry category-evenimente\">\n\n\t<div class=\"post_wrapper\">\n\t\t\n\t\t\t    \n\t    <div class=\"post_content_wrapper text_\">\n\t\t    \n\t\t    <div class=\"post_header\">\n\t\t\t    \t\t\t\t<div class=\"post_header_title\">\n\t\t\t\t    <h5><a href=\"https:\/\/www.nataliapancec.ro\/index.php\/2020\/08\/28\/recital-de-muzica-romaneasca\/\" title=\"Recital de muzic\u0103 rom\u00e2neasc\u0103\">Recital de muzic\u0103 rom\u00e2neasc\u0103<\/a><\/h5>\n\t\t\t\t<\/div>\n\t\t\t<\/div>\n\t    \n\t\t\t<div class=\"post_header_wrapper\">\n\t\t\t\t\t\t\t    \t\t\t    <div class=\"post_button_wrapper\">\n\t\t\t    \t<div class=\"post_attribute\">\n\t\t\t\t\t    <a href=\"https:\/\/www.nataliapancec.ro\/index.php\/2020\/08\/28\/recital-de-muzica-romaneasca\/\" title=\"Recital de muzic\u0103 rom\u00e2neasc\u0103\">August 28, 2020<\/a>\n\t\t\t\t\t<\/div>\n\t\t\t    <\/div>\n\t\t\t    \t\t\t<\/div>\n\t    <\/div>\n\t    \n\t<\/div>\n\n<\/div>\n\n<!-- End each blog post --><!-- Begin each blog post -->\n<div class=\"blog-posts-masonry post-4069 post type-post status-publish format-standard has-post-thumbnail hentry category-evenimente\">\n\n\t<div class=\"post_wrapper\">\n\t\t\n\t\t\t\t    <div class=\"post_img static\">\n\t\t\t    \t\t\t    <div class=\"post_img_hover \">\n\t\t\t     \t\t\t\t\t     <img  src=\"https:\/\/www.nataliapancec.ro\/wp-content\/uploads\/2020\/07\/2020EnescuCompetitionONLINE-768x927.jpg\" class=\"lazy_masonry\" alt=\"\"\/>\n\t\t\t\t     \t\t\t     \t\t\t\t     \t<a href=\"https:\/\/www.nataliapancec.ro\/index.php\/2020\/08\/01\/concertul-de-gala-al-concursului-george-enescu-sustinut-de-orchestra-filarmonicii-george-enescu\/\"><\/a>\n\t\t\t    <\/div>\n\t\t    <\/div>\n\t\t\t    \n\t    <div class=\"post_content_wrapper text_\">\n\t\t    \n\t\t    <div class=\"post_header\">\n\t\t\t    \t\t\t\t<div class=\"post_header_title\">\n\t\t\t\t    <h5><a href=\"https:\/\/www.nataliapancec.ro\/index.php\/2020\/08\/01\/concertul-de-gala-al-concursului-george-enescu-sustinut-de-orchestra-filarmonicii-george-enescu\/\" title=\"Concertul de gal\u0103 al Concursului George Enescu sus\u021binut de orchestra Filarmonicii George Enescu\">Concertul de gal\u0103 al Concursului George Enescu sus\u021binut de orchestra Filarmonicii George Enescu<\/a><\/h5>\n\t\t\t\t<\/div>\n\t\t\t<\/div>\n\t    \n\t\t\t<div class=\"post_header_wrapper\">\n\t\t\t\t\t\t\t    \t\t\t    <div class=\"post_button_wrapper\">\n\t\t\t    \t<div class=\"post_attribute\">\n\t\t\t\t\t    <a href=\"https:\/\/www.nataliapancec.ro\/index.php\/2020\/08\/01\/concertul-de-gala-al-concursului-george-enescu-sustinut-de-orchestra-filarmonicii-george-enescu\/\" title=\"Concertul de gal\u0103 al Concursului George Enescu sus\u021binut de orchestra Filarmonicii George Enescu\">August 1, 2020<\/a>\n\t\t\t\t\t<\/div>\n\t\t\t    <\/div>\n\t\t\t    \t\t\t<\/div>\n\t    <\/div>\n\t    \n\t<\/div>\n\n<\/div>\n\n<!-- End each blog post --><!-- Begin each blog post -->\n<div class=\"blog-posts-masonry post-4102 post type-post status-publish format-standard has-post-thumbnail hentry category-evenimente\">\n\n\t<div class=\"post_wrapper\">\n\t\t\n\t\t\t\t    <div class=\"post_img static\">\n\t\t\t    \t\t\t    <div class=\"post_img_hover \">\n\t\t\t     \t\t\t\t\t     <img  src=\"https:\/\/www.nataliapancec.ro\/wp-content\/uploads\/2020\/07\/poza-cu-Adriana1.jpg\" class=\"lazy_masonry\" alt=\"\"\/>\n\t\t\t\t     \t\t\t     \t\t\t\t     \t<a href=\"https:\/\/www.nataliapancec.ro\/index.php\/2020\/07\/27\/festivalul-mozartissimo-recital-de-sonate-pentru-pian-si-vioara-de-mozart\/\"><\/a>\n\t\t\t    <\/div>\n\t\t    <\/div>\n\t\t\t    \n\t    <div class=\"post_content_wrapper text_\">\n\t\t    \n\t\t    <div class=\"post_header\">\n\t\t\t    \t\t\t\t<div class=\"post_header_title\">\n\t\t\t\t    <h5><a href=\"https:\/\/www.nataliapancec.ro\/index.php\/2020\/07\/27\/festivalul-mozartissimo-recital-de-sonate-pentru-pian-si-vioara-de-mozart\/\" title=\"Festivalul Mozartissimo \u2013 Recital de sonate pentru pian \u0219i vioar\u0103 de Mozart\">Festivalul Mozartissimo \u2013 Recital de sonate pentru pian \u0219i vioar\u0103 de Mozart<\/a><\/h5>\n\t\t\t\t<\/div>\n\t\t\t<\/div>\n\t    \n\t\t\t<div class=\"post_header_wrapper\">\n\t\t\t\t\t\t\t    \t\t\t    <div class=\"post_button_wrapper\">\n\t\t\t    \t<div class=\"post_attribute\">\n\t\t\t\t\t    <a href=\"https:\/\/www.nataliapancec.ro\/index.php\/2020\/07\/27\/festivalul-mozartissimo-recital-de-sonate-pentru-pian-si-vioara-de-mozart\/\" title=\"Festivalul Mozartissimo \u2013 Recital de sonate pentru pian \u0219i vioar\u0103 de Mozart\">July 27, 2020<\/a>\n\t\t\t\t\t<\/div>\n\t\t\t    <\/div>\n\t\t\t    \t\t\t<\/div>\n\t    <\/div>\n\t    \n\t<\/div>\n\n<\/div>\n\n<!-- End each blog post --><!-- Begin each blog post -->\n<div class=\"blog-posts-masonry post-4030 post type-post status-publish format-standard has-post-thumbnail hentry category-evenimente\">\n\n\t<div class=\"post_wrapper\">\n\t\t\n\t\t\t\t    <div class=\"post_img static\">\n\t\t\t    \t\t\t    <div class=\"post_img_hover \">\n\t\t\t     \t\t\t\t\t     <img  src=\"https:\/\/www.nataliapancec.ro\/wp-content\/uploads\/2020\/04\/concertmaestru-natalia-Pancec-3-1-768x576.jpg\" class=\"lazy_masonry\" alt=\"\"\/>\n\t\t\t\t     \t\t\t     \t\t\t\t     \t<a href=\"https:\/\/www.nataliapancec.ro\/index.php\/2020\/07\/01\/concertul-filarmonicii-george-enescu-in-festivalul-vara-magica\/\"><\/a>\n\t\t\t    <\/div>\n\t\t    <\/div>\n\t\t\t    \n\t    <div class=\"post_content_wrapper text_\">\n\t\t    \n\t\t    <div class=\"post_header\">\n\t\t\t    \t\t\t\t<div class=\"post_header_title\">\n\t\t\t\t    <h5><a href=\"https:\/\/www.nataliapancec.ro\/index.php\/2020\/07\/01\/concertul-filarmonicii-george-enescu-in-festivalul-vara-magica\/\" title=\"Concertul Filarmonicii George Enescu \u00een Festivalul Vara Magic\u0103\">Concertul Filarmonicii George Enescu \u00een Festivalul Vara Magic\u0103<\/a><\/h5>\n\t\t\t\t<\/div>\n\t\t\t<\/div>\n\t    \n\t\t\t<div class=\"post_header_wrapper\">\n\t\t\t\t\t\t\t    \t\t\t    <div class=\"post_button_wrapper\">\n\t\t\t    \t<div class=\"post_attribute\">\n\t\t\t\t\t    <a href=\"https:\/\/www.nataliapancec.ro\/index.php\/2020\/07\/01\/concertul-filarmonicii-george-enescu-in-festivalul-vara-magica\/\" title=\"Concertul Filarmonicii George Enescu \u00een Festivalul Vara Magic\u0103\">July 1, 2020<\/a>\n\t\t\t\t\t<\/div>\n\t\t\t    <\/div>\n\t\t\t    \t\t\t<\/div>\n\t    <\/div>\n\t    \n\t<\/div>\n\n<\/div>\n\n<!-- End each blog post --><!-- Begin each blog post -->\n<div class=\"blog-posts-masonry post-155 post type-post status-publish format-standard has-post-thumbnail hentry category-evenimente tag-artist tag-concert tag-music tag-stories\">\n\n\t<div class=\"post_wrapper\">\n\t\t\n\t\t\t\t    <div class=\"post_img static\">\n\t\t\t    \t\t\t    <div class=\"post_img_hover \">\n\t\t\t     \t\t\t\t\t     <img  src=\"https:\/\/www.nataliapancec.ro\/wp-content\/uploads\/2020\/03\/evenimente-header-2-festival-768x350.jpg\" class=\"lazy_masonry\" alt=\"\"\/>\n\t\t\t\t     \t\t\t     \t\t\t\t     \t<a href=\"https:\/\/www.nataliapancec.ro\/index.php\/2020\/07\/01\/festivalul-intersonanzen-cu-ansamblul-de-muzica-contemporana-devotiomoderna\/\"><\/a>\n\t\t\t    <\/div>\n\t\t    <\/div>\n\t\t\t    \n\t    <div class=\"post_content_wrapper text_\">\n\t\t    \n\t\t    <div class=\"post_header\">\n\t\t\t    \t\t\t\t<div class=\"post_header_title\">\n\t\t\t\t    <h5><a href=\"https:\/\/www.nataliapancec.ro\/index.php\/2020\/07\/01\/festivalul-intersonanzen-cu-ansamblul-de-muzica-contemporana-devotiomoderna\/\" title=\"Festivalul Intersonanzen, Cu Ansamblul de muzica contemporana devotioModerna\">Festivalul Intersonanzen, Cu Ansamblul de muzica contemporana devotioModerna<\/a><\/h5>\n\t\t\t\t<\/div>\n\t\t\t<\/div>\n\t    \n\t\t\t<div class=\"post_header_wrapper\">\n\t\t\t\t\t\t\t    \t\t\t    <div class=\"post_button_wrapper\">\n\t\t\t    \t<div class=\"post_attribute\">\n\t\t\t\t\t    <a href=\"https:\/\/www.nataliapancec.ro\/index.php\/2020\/07\/01\/festivalul-intersonanzen-cu-ansamblul-de-muzica-contemporana-devotiomoderna\/\" title=\"Festivalul Intersonanzen, Cu Ansamblul de muzica contemporana devotioModerna\">July 1, 2020<\/a>\n\t\t\t\t\t<\/div>\n\t\t\t    <\/div>\n\t\t\t    \t\t\t<\/div>\n\t    <\/div>\n\t    \n\t<\/div>\n\n<\/div>\n\n<!-- End each blog post --><!-- Begin each blog post -->\n<div class=\"blog-posts-masonry post-3781 post type-post status-publish format-standard has-post-thumbnail hentry category-tehnici-de-vioara tag-tehnici-de-vioara\">\n\n\t<div class=\"post_wrapper\">\n\t\t\n\t\t\t\t    <div class=\"post_img static\">\n\t\t\t    \t\t\t    <div class=\"post_img_hover \">\n\t\t\t     \t\t\t\t\t     <img  src=\"https:\/\/www.nataliapancec.ro\/wp-content\/uploads\/2020\/04\/natalia-colotelo-4.jpg\" class=\"lazy_masonry\" alt=\"\"\/>\n\t\t\t\t     \t\t\t     \t\t\t\t     \t<a href=\"https:\/\/www.nataliapancec.ro\/index.php\/2020\/05\/15\/tehnica-3\/\"><\/a>\n\t\t\t    <\/div>\n\t\t    <\/div>\n\t\t\t    \n\t    <div class=\"post_content_wrapper text_\">\n\t\t    \n\t\t    <div class=\"post_header\">\n\t\t\t    \t\t\t\t<div class=\"post_header_title\">\n\t\t\t\t    <h5><a href=\"https:\/\/www.nataliapancec.ro\/index.php\/2020\/05\/15\/tehnica-3\/\" title=\"\u00cen cur\u00e2nd! &#8211; Tehnica 3\">\u00cen cur\u00e2nd! &#8211; Tehnica 3<\/a><\/h5>\n\t\t\t\t<\/div>\n\t\t\t<\/div>\n\t    \n\t\t\t<div class=\"post_header_wrapper\">\n\t\t\t\t\t\t\t    \t\t\t    <div class=\"post_button_wrapper\">\n\t\t\t    \t<div class=\"post_attribute\">\n\t\t\t\t\t    <a href=\"https:\/\/www.nataliapancec.ro\/index.php\/2020\/05\/15\/tehnica-3\/\" title=\"\u00cen cur\u00e2nd! &#8211; Tehnica 3\">May 15, 2020<\/a>\n\t\t\t\t\t<\/div>\n\t\t\t    <\/div>\n\t\t\t    \t\t\t<\/div>\n\t    <\/div>\n\t    \n\t<\/div>\n\n<\/div>\n\n<!-- End each blog post --><!-- Begin each blog post -->\n<div class=\"blog-posts-masonry post-3775 post type-post status-publish format-standard has-post-thumbnail hentry category-tehnici-de-vioara tag-tehnici-de-vioara\">\n\n\t<div class=\"post_wrapper\">\n\t\t\n\t\t\t\t    <div class=\"post_img static\">\n\t\t\t    \t\t\t    <div class=\"post_img_hover \">\n\t\t\t     \t\t\t\t\t     <img  src=\"https:\/\/www.nataliapancec.ro\/wp-content\/uploads\/2020\/04\/natalia-colotelo-4.jpg\" class=\"lazy_masonry\" alt=\"\"\/>\n\t\t\t\t     \t\t\t     \t\t\t\t     \t<a href=\"https:\/\/www.nataliapancec.ro\/index.php\/2020\/05\/15\/tehnica-2\/\"><\/a>\n\t\t\t    <\/div>\n\t\t    <\/div>\n\t\t\t    \n\t    <div class=\"post_content_wrapper text_\">\n\t\t    \n\t\t    <div class=\"post_header\">\n\t\t\t    \t\t\t\t<div class=\"post_header_title\">\n\t\t\t\t    <h5><a href=\"https:\/\/www.nataliapancec.ro\/index.php\/2020\/05\/15\/tehnica-2\/\" title=\"\u00cen cur\u00e2nd! &#8211; Tehnica 2\">\u00cen cur\u00e2nd! &#8211; Tehnica 2<\/a><\/h5>\n\t\t\t\t<\/div>\n\t\t\t<\/div>\n\t    \n\t\t\t<div class=\"post_header_wrapper\">\n\t\t\t\t\t\t\t    \t\t\t    <div class=\"post_button_wrapper\">\n\t\t\t    \t<div class=\"post_attribute\">\n\t\t\t\t\t    <a href=\"https:\/\/www.nataliapancec.ro\/index.php\/2020\/05\/15\/tehnica-2\/\" title=\"\u00cen cur\u00e2nd! &#8211; Tehnica 2\">May 15, 2020<\/a>\n\t\t\t\t\t<\/div>\n\t\t\t    <\/div>\n\t\t\t    \t\t\t<\/div>\n\t    <\/div>\n\t    \n\t<\/div>\n\n<\/div>\n\n<!-- End each blog post --><!-- Begin each blog post -->\n<div class=\"blog-posts-masonry post-3761 post type-post status-publish format-standard has-post-thumbnail hentry category-tehnici-de-vioara tag-tehnici-de-vioara\">\n\n\t<div class=\"post_wrapper\">\n\t\t\n\t\t\t\t    <div class=\"post_img static\">\n\t\t\t    \t\t\t    <div class=\"post_img_hover \">\n\t\t\t     \t\t\t\t\t     <img  src=\"https:\/\/www.nataliapancec.ro\/wp-content\/uploads\/2020\/04\/natalia-colotelo-4.jpg\" class=\"lazy_masonry\" alt=\"\"\/>\n\t\t\t\t     \t\t\t     \t\t\t\t     \t<a href=\"https:\/\/www.nataliapancec.ro\/index.php\/2020\/05\/15\/tehnica-1\/\"><\/a>\n\t\t\t    <\/div>\n\t\t    <\/div>\n\t\t\t    \n\t    <div class=\"post_content_wrapper text_\">\n\t\t    \n\t\t    <div class=\"post_header\">\n\t\t\t    \t\t\t\t<div class=\"post_header_title\">\n\t\t\t\t    <h5><a href=\"https:\/\/www.nataliapancec.ro\/index.php\/2020\/05\/15\/tehnica-1\/\" title=\"\u00cen cur\u00e2nd! &#8211; Tehnica 1\">\u00cen cur\u00e2nd! &#8211; Tehnica 1<\/a><\/h5>\n\t\t\t\t<\/div>\n\t\t\t<\/div>\n\t    \n\t\t\t<div class=\"post_header_wrapper\">\n\t\t\t\t\t\t\t    \t\t\t    <div class=\"post_button_wrapper\">\n\t\t\t    \t<div class=\"post_attribute\">\n\t\t\t\t\t    <a href=\"https:\/\/www.nataliapancec.ro\/index.php\/2020\/05\/15\/tehnica-1\/\" title=\"\u00cen cur\u00e2nd! &#8211; Tehnica 1\">May 15, 2020<\/a>\n\t\t\t\t\t<\/div>\n\t\t\t    <\/div>\n\t\t\t    \t\t\t<\/div>\n\t    <\/div>\n\t    \n\t<\/div>\n\n<\/div>\n\n<!-- End each blog post --><\/div>\n<div class=\"pagination blog-posts-masonry\"><span class=\"current\">1<\/span><a href='https:\/\/www.nataliapancec.ro\/index.php\/wp-json\/wp\/v2\/pages\/194\/page\/2\/' class=\"inactive\">2<\/a><\/div>\t\t\t<div class=\"pagination_detail blog-posts-masonry\">\n\t\t    \tPage 1 of 2\t\t    <\/div>\n<br class=\"clear\"\/>\t\t<\/div>\n\t\t\t\t<\/div>\n\t\t\t\t\t\t<\/div>\n\t\t\t\t\t<\/div>\n\t\t<\/div>\n\t\t\t\t\t\t\t\t<\/div>\n\t\t\t\t\t<\/div>\n\t\t<\/section>\n\t\t\t\t\t\t<\/div>\n\t\t\t\t\t\t<\/div>\n\t\t\t\t\t<\/div>\n\t\t","protected":false},"excerpt":{"rendered":"<p>Latest News Yes Mark 50th Birthday With Shows, Album Redux, Fan Convention October 4, 2018 PJ Harvey, Ryan Adams And Future Islands Headline Green Man 2017 October 4, 2018 The Who&#8217;s Keith Moon Stars In New MOJO &#8217;60s Magazine October [&hellip;]<\/p>\n","protected":false},"author":4,"featured_media":0,"parent":0,"menu_order":0,"comment_status":"closed","ping_status":"closed","template":"","meta":[],"_links":{"self":[{"href":"https:\/\/www.nataliapancec.ro\/index.php\/wp-json\/wp\/v2\/pages\/194"}],"collection":[{"href":"https:\/\/www.nataliapancec.ro\/index.php\/wp-json\/wp\/v2\/pages"}],"about":[{"href":"https:\/\/www.nataliapancec.ro\/index.php\/wp-json\/wp\/v2\/types\/page"}],"author":[{"embeddable":true,"href":"https:\/\/www.nataliapancec.ro\/index.php\/wp-json\/wp\/v2\/users\/4"}],"replies":[{"embeddable":true,"href":"https:\/\/www.nataliapancec.ro\/index.php\/wp-json\/wp\/v2\/comments?post=194"}],"version-history":[{"count":1,"href":"https:\/\/www.nataliapancec.ro\/index.php\/wp-json\/wp\/v2\/pages\/194\/revisions"}],"predecessor-version":[{"id":3825,"href":"https:\/\/www.nataliapancec.ro\/index.php\/wp-json\/wp\/v2\/pages\/194\/revisions\/3825"}],"wp:attachment":[{"href":"https:\/\/www.nataliapancec.ro\/index.php\/wp-json\/wp\/v2\/media?parent=194"}],"curies":[{"name":"wp","href":"https:\/\/api.w.org\/{rel}","templated":true}]}}