{"id":346,"date":"2018-10-08T09:53:23","date_gmt":"2018-10-08T09:53:23","guid":{"rendered":"http:\/\/themes.themegoods.com\/musico\/demo\/?page_id=346"},"modified":"2020-06-17T19:39:19","modified_gmt":"2020-06-17T19:39:19","slug":"galerie-video","status":"publish","type":"page","link":"https:\/\/www.nataliapancec.ro\/index.php\/galerie-video\/","title":{"rendered":"Galerie Video"},"content":{"rendered":"\t\t<div data-elementor-type=\"wp-post\" data-elementor-id=\"346\" class=\"elementor elementor-346\" data-elementor-settings=\"[]\">\n\t\t\t\t\t\t<div class=\"elementor-inner\">\n\t\t\t\t\t\t\t<div class=\"elementor-section-wrap\">\n\t\t\t\t\t\t\t<section class=\"elementor-section elementor-top-section elementor-element elementor-element-c499696 headline transparent elementor-section-stretched elementor-section-boxed elementor-section-height-default elementor-section-height-default\" data-id=\"c499696\" data-element_type=\"section\" data-settings=\"{&quot;stretch_section&quot;:&quot;section-stretched&quot;,&quot;background_background&quot;:&quot;video&quot;,&quot;shape_divider_bottom&quot;:&quot;tilt&quot;,&quot;background_video_link&quot;:&quot;https:\\\/\\\/www.youtube.com\\\/watch?v=GS10N6jloVY&quot;}\">\n\t\t\t\t\t\t\t\t<div class=\"elementor-background-video-container elementor-hidden-phone\">\n\t\t\t\t\t\t\t\t\t\t\t\t\t<div class=\"elementor-background-video-embed\"><\/div>\n\t\t\t\t\t\t\t\t\t\t\t\t<\/div>\n\t\t\t\t\t\t\t\t\t<div class=\"elementor-background-overlay\"><\/div>\n\t\t\t\t\t\t<div class=\"elementor-shape elementor-shape-bottom\" data-negative=\"false\">\n\t\t\t<svg xmlns=\"http:\/\/www.w3.org\/2000\/svg\" viewBox=\"0 0 1000 100\" preserveAspectRatio=\"none\">\n\t<path class=\"elementor-shape-fill\" d=\"M0,6V0h1000v100L0,6z\"\/>\n<\/svg>\t\t<\/div>\n\t\t\t\t\t<div class=\"elementor-container elementor-column-gap-default\">\n\t\t\t\t\t\t\t<div class=\"elementor-row\">\n\t\t\t\t\t<div class=\"elementor-column elementor-col-100 elementor-top-column elementor-element elementor-element-a39fcb5\" data-id=\"a39fcb5\" data-element_type=\"column\">\n\t\t\t<div class=\"elementor-column-wrap elementor-element-populated\">\n\t\t\t\t\t\t\t<div class=\"elementor-widget-wrap\">\n\t\t\t\t\t\t<div class=\"elementor-element elementor-element-d6510a1 animated-fast elementor-invisible elementor-widget elementor-widget-heading\" data-id=\"d6510a1\" data-element_type=\"widget\" data-settings=\"{&quot;_animation&quot;:&quot;fadeInUp&quot;}\" data-widget_type=\"heading.default\">\n\t\t\t\t<div class=\"elementor-widget-container\">\n\t\t\t<span class=\"elementor-heading-title elementor-size-default\">Selectie<\/span>\t\t<\/div>\n\t\t\t\t<\/div>\n\t\t\t\t<div class=\"elementor-element elementor-element-870639a animated-fast elementor-invisible elementor-widget elementor-widget-heading\" data-id=\"870639a\" data-element_type=\"widget\" data-settings=\"{&quot;_animation&quot;:&quot;fadeInUp&quot;,&quot;_animation_delay&quot;:200}\" data-widget_type=\"heading.default\">\n\t\t\t\t<div class=\"elementor-widget-container\">\n\t\t\t<h1 class=\"elementor-heading-title elementor-size-default\">Galerie video<\/h1>\t\t<\/div>\n\t\t\t\t<\/div>\n\t\t\t\t\t\t<\/div>\n\t\t\t\t\t<\/div>\n\t\t<\/div>\n\t\t\t\t\t\t\t\t<\/div>\n\t\t\t\t\t<\/div>\n\t\t<\/section>\n\t\t\t\t<section class=\"elementor-section elementor-top-section elementor-element elementor-element-eac5a07 elementor-section-boxed elementor-section-height-default elementor-section-height-default\" data-id=\"eac5a07\" data-element_type=\"section\">\n\t\t\t\t\t\t<div class=\"elementor-container elementor-column-gap-default\">\n\t\t\t\t\t\t\t<div class=\"elementor-row\">\n\t\t\t\t\t<div class=\"elementor-column elementor-col-100 elementor-top-column elementor-element elementor-element-dd9d823\" data-id=\"dd9d823\" data-element_type=\"column\">\n\t\t\t<div class=\"elementor-column-wrap elementor-element-populated\">\n\t\t\t\t\t\t\t<div class=\"elementor-widget-wrap\">\n\t\t\t\t\t\t<div class=\"elementor-element elementor-element-938fa03 animated-fast elementor-invisible elementor-widget elementor-widget-musico-video-grid\" data-id=\"938fa03\" data-element_type=\"widget\" data-settings=\"{&quot;_animation&quot;:&quot;fadeIn&quot;,&quot;_animation_delay&quot;:250}\" data-widget_type=\"musico-video-grid.default\">\n\t\t\t\t<div class=\"elementor-widget-container\">\n\t\t\t<div class=\"portfolio_classic_container video_grid\">\n<div class=\"portfolio_filter_wrapper\">\n\t\t<a class=\"filter_tag_btn active\" href=\"javascript:;\" data-rel=\"all\" data-cols=\"3\">All<\/a>\n\t\t\t<a class=\"filter_tag_btn\" href=\"javascript:;\" data-rel=\"solista\" data-cols=\"3\">Solista<\/a>\n\t\t\t<a class=\"filter_tag_btn\" href=\"javascript:;\" data-rel=\"recital\" data-cols=\"3\">Recital<\/a>\n\t\t\t<a class=\"filter_tag_btn\" href=\"javascript:;\" data-rel=\"concertmaistru\" data-cols=\"3\">Concertmaistru<\/a>\n\t\t\t<a class=\"filter_tag_btn\" href=\"javascript:;\" data-rel=\"recital\" data-cols=\"3\">recital<\/a>\n\t<\/div>\n<div class=\"portfolio_classic_content_wrapper video_grid portfolio_classic layout_tg_three_cols \" data-cols=\"3\">\n\t\t<div class=\"portfolio_classic_grid_wrapper tg_three_cols   portfolio-1 tile scale-anm solista all filterable\">\n\t\t\t<div class=\"portfolio_classic_img video_grid_wrapper\">\n\t\t\t\t<a href=\"#\" class=\"video_card\" data-video-type=\"youtube\" data-video-id=\"dqQ5qFlCFsA\">\n\t\t\t\t\t<img src=\"https:\/\/www.nataliapancec.ro\/wp-content\/uploads\/2020\/03\/Vivaldi-Spring-and-Summer-with-Natalia-Pancec-700x393.jpg\" alt=\"\" class=\"video_card__image\" \/>\n\t\t\t\t<\/a>\n\t\t\t<\/div>\n\t\t\t<br class=\"clear\"\/>\n\t\t\t<div class=\"portfolio_classic_content\">\n\t\t\t\t<h3 class=\"portfolio_classic_title\">Vivaldi - Spring and Summer with Natalia Pancec<\/h3>\n\t\t\t\t<div class=\"portfolio_classic_subtitle\">4 martie 2017<\/div>\n\t\t\t<\/div>\n\t\t<\/div>\n\t\t<div class=\"portfolio_classic_grid_wrapper tg_three_cols   portfolio-2 tile scale-anm solista all filterable\">\n\t\t\t<div class=\"portfolio_classic_img video_grid_wrapper\">\n\t\t\t\t<a href=\"#\" class=\"video_card\" data-video-type=\"youtube\" data-video-id=\"JRIF0uopK8o\">\n\t\t\t\t\t<img src=\"https:\/\/www.nataliapancec.ro\/wp-content\/uploads\/2020\/06\/Mendelssohn-Violin-Concerto-E-minor-700x393.png\" alt=\"\" class=\"video_card__image\" \/>\n\t\t\t\t<\/a>\n\t\t\t<\/div>\n\t\t\t<br class=\"clear\"\/>\n\t\t\t<div class=\"portfolio_classic_content\">\n\t\t\t\t<h3 class=\"portfolio_classic_title\">Mendelssohn Violin Concerto E minor<\/h3>\n\t\t\t\t<div class=\"portfolio_classic_subtitle\">6 februarie 2014<\/div>\n\t\t\t<\/div>\n\t\t<\/div>\n\t\t<div class=\"portfolio_classic_grid_wrapper tg_three_cols last  portfolio-3 tile scale-anm solista all filterable\">\n\t\t\t<div class=\"portfolio_classic_img video_grid_wrapper\">\n\t\t\t\t<a href=\"#\" class=\"video_card\" data-video-type=\"youtube\" data-video-id=\"5i363ntXO8s\">\n\t\t\t\t\t<img src=\"https:\/\/www.nataliapancec.ro\/wp-content\/uploads\/2020\/06\/Mozart-Violin-Concerto-No-5-in-A-Major-700x393.png\" alt=\"\" class=\"video_card__image\" \/>\n\t\t\t\t<\/a>\n\t\t\t<\/div>\n\t\t\t<br class=\"clear\"\/>\n\t\t\t<div class=\"portfolio_classic_content\">\n\t\t\t\t<h3 class=\"portfolio_classic_title\">Mozart - Violin Concerto No.5 in A Major<\/h3>\n\t\t\t\t<div class=\"portfolio_classic_subtitle\">31 august 2016<\/div>\n\t\t\t<\/div>\n\t\t<\/div>\n\t\t<div class=\"portfolio_classic_grid_wrapper tg_three_cols   portfolio-4 tile scale-anm recital all filterable\">\n\t\t\t<div class=\"portfolio_classic_img video_grid_wrapper\">\n\t\t\t\t<a href=\"#\" class=\"video_card\" data-video-type=\"youtube\" data-video-id=\"GDI1Y2mQI4E\">\n\t\t\t\t\t<img src=\"https:\/\/www.nataliapancec.ro\/wp-content\/uploads\/2020\/04\/cu-simona-strungaru-recital-natalia-pancec-700x393.jpg\" alt=\"\" class=\"video_card__image\" \/>\n\t\t\t\t<\/a>\n\t\t\t<\/div>\n\t\t\t<br class=\"clear\"\/>\n\t\t\t<div class=\"portfolio_classic_content\">\n\t\t\t\t<h3 class=\"portfolio_classic_title\">Cesar Franck - Violin Sonata in A major \/ 3rd mouvt. Natalia Pancec &amp; Simona Strungaru<\/h3>\n\t\t\t\t<div class=\"portfolio_classic_subtitle\">14 mai 2016<\/div>\n\t\t\t<\/div>\n\t\t<\/div>\n\t\t<div class=\"portfolio_classic_grid_wrapper tg_three_cols   portfolio-5 tile scale-anm recital all filterable\">\n\t\t\t<div class=\"portfolio_classic_img video_grid_wrapper\">\n\t\t\t\t<a href=\"#\" class=\"video_card\" data-video-type=\"youtube\" data-video-id=\"iJAkKSuAUQs\">\n\t\t\t\t\t<img src=\"https:\/\/www.nataliapancec.ro\/wp-content\/uploads\/2020\/04\/duo-acustic-natalia-pancec-valentin-mandric-4-700x393.jpg\" alt=\"\" class=\"video_card__image\" \/>\n\t\t\t\t<\/a>\n\t\t\t<\/div>\n\t\t\t<br class=\"clear\"\/>\n\t\t\t<div class=\"portfolio_classic_content\">\n\t\t\t\t<h3 class=\"portfolio_classic_title\"> Natalia Pancec &amp; Valentin Mandric Concert Film Festival 14sept2016 Bucuresti Universitate<\/h3>\n\t\t\t\t<div class=\"portfolio_classic_subtitle\">25 octombrie 2016<\/div>\n\t\t\t<\/div>\n\t\t<\/div>\n\t\t<div class=\"portfolio_classic_grid_wrapper tg_three_cols last  portfolio-6 tile scale-anm recital all filterable\">\n\t\t\t<div class=\"portfolio_classic_img video_grid_wrapper\">\n\t\t\t\t<a href=\"#\" class=\"video_card\" data-video-type=\"youtube\" data-video-id=\"-V-W5zR0I6M\">\n\t\t\t\t\t<img src=\"https:\/\/www.nataliapancec.ro\/wp-content\/uploads\/2020\/06\/Natalia-Pancec-Maxim-Belciug-Gavotte-Jean-Baptiste-Lully-700x393.png\" alt=\"\" class=\"video_card__image\" \/>\n\t\t\t\t<\/a>\n\t\t\t<\/div>\n\t\t\t<br class=\"clear\"\/>\n\t\t\t<div class=\"portfolio_classic_content\">\n\t\t\t\t<h3 class=\"portfolio_classic_title\">Natalia Pancec &amp; Maxim Belciug - Gavotte (Jean Baptiste Lully)<\/h3>\n\t\t\t\t<div class=\"portfolio_classic_subtitle\">20 dec. 2011<\/div>\n\t\t\t<\/div>\n\t\t<\/div>\n\t\t<div class=\"portfolio_classic_grid_wrapper tg_three_cols   portfolio-7 tile scale-anm recital all filterable\">\n\t\t\t<div class=\"portfolio_classic_img video_grid_wrapper\">\n\t\t\t\t<a href=\"#\" class=\"video_card\" data-video-type=\"youtube\" data-video-id=\"YKVS9lXXzUk\">\n\t\t\t\t\t<img src=\"https:\/\/www.nataliapancec.ro\/wp-content\/uploads\/2020\/04\/Natalia-Pancec-si-Simona-Strungaru-700x393.jpg\" alt=\"\" class=\"video_card__image\" \/>\n\t\t\t\t<\/a>\n\t\t\t<\/div>\n\t\t\t<br class=\"clear\"\/>\n\t\t\t<div class=\"portfolio_classic_content\">\n\t\t\t\t<h3 class=\"portfolio_classic_title\">Schubert - Violin Sonatina in D major, op. 137, first movement<\/h3>\n\t\t\t\t<div class=\"portfolio_classic_subtitle\">20 mai 2017<\/div>\n\t\t\t<\/div>\n\t\t<\/div>\n\t\t<div class=\"portfolio_classic_grid_wrapper tg_three_cols   portfolio-8 tile scale-anm recital all filterable\">\n\t\t\t<div class=\"portfolio_classic_img video_grid_wrapper\">\n\t\t\t\t<a href=\"#\" class=\"video_card\" data-video-type=\"youtube\" data-video-id=\"jGcYbqRhKPE\">\n\t\t\t\t\t<img src=\"https:\/\/www.nataliapancec.ro\/wp-content\/uploads\/2020\/04\/1080-pro-tv-1-700x393.jpg\" alt=\"\" class=\"video_card__image\" \/>\n\t\t\t\t<\/a>\n\t\t\t<\/div>\n\t\t\t<br class=\"clear\"\/>\n\t\t\t<div class=\"portfolio_classic_content\">\n\t\t\t\t<h3 class=\"portfolio_classic_title\">Au umplut sala cu acorduri de vioar\u0103 \u0219i chitar\u0103 | When violin meets guitar - Rom\u00e2nii au Talent<\/h3>\n\t\t\t\t<div class=\"portfolio_classic_subtitle\">11 mai 2019<\/div>\n\t\t\t<\/div>\n\t\t<\/div>\n\t\t<div class=\"portfolio_classic_grid_wrapper tg_three_cols last  portfolio-9 tile scale-anm recital all filterable\">\n\t\t\t<div class=\"portfolio_classic_img video_grid_wrapper\">\n\t\t\t\t<a href=\"#\" class=\"video_card\" data-video-type=\"youtube\" data-video-id=\"C6W_VBdldG8\">\n\t\t\t\t\t<img src=\"https:\/\/www.nataliapancec.ro\/wp-content\/uploads\/2020\/04\/ateneu-chitara-700x393.jpg\" alt=\"\" class=\"video_card__image\" \/>\n\t\t\t\t<\/a>\n\t\t\t<\/div>\n\t\t\t<br class=\"clear\"\/>\n\t\t\t<div class=\"portfolio_classic_content\">\n\t\t\t\t<h3 class=\"portfolio_classic_title\">When Violin meets Guitar La Ateneul Rom\u00e2n, iunie 2018, Rapsodia rom\u00e2n\u0103<\/h3>\n\t\t\t\t<div class=\"portfolio_classic_subtitle\">18 martie. 2020<\/div>\n\t\t\t<\/div>\n\t\t<\/div>\n\t\t<div class=\"portfolio_classic_grid_wrapper tg_three_cols   portfolio-10 tile scale-anm recital all filterable\">\n\t\t\t<div class=\"portfolio_classic_img video_grid_wrapper\">\n\t\t\t\t<a href=\"#\" class=\"video_card\" data-video-type=\"youtube\" data-video-id=\"1JsmyXJa3ns\">\n\t\t\t\t\t<img src=\"https:\/\/www.nataliapancec.ro\/wp-content\/uploads\/2020\/04\/ateneu-chitara-700x393.jpg\" alt=\"\" class=\"video_card__image\" \/>\n\t\t\t\t<\/a>\n\t\t\t<\/div>\n\t\t\t<br class=\"clear\"\/>\n\t\t\t<div class=\"portfolio_classic_content\">\n\t\t\t\t<h3 class=\"portfolio_classic_title\">When Violin Meets Guitar<\/h3>\n\t\t\t\t<div class=\"portfolio_classic_subtitle\">20 noiembrie. 2018<\/div>\n\t\t\t<\/div>\n\t\t<\/div>\n\t\t<div class=\"portfolio_classic_grid_wrapper tg_three_cols   portfolio-11 tile scale-anm recital all filterable\">\n\t\t\t<div class=\"portfolio_classic_img video_grid_wrapper\">\n\t\t\t\t<a href=\"#\" class=\"video_card\" data-video-type=\"youtube\" data-video-id=\"bCikcMHDgnk\">\n\t\t\t\t\t<img src=\"https:\/\/www.nataliapancec.ro\/wp-content\/uploads\/2020\/06\/Natalia-Pancec-Maxim-Belciug-Boleras-Sevillanas-700x393.png\" alt=\"\" class=\"video_card__image\" \/>\n\t\t\t\t<\/a>\n\t\t\t<\/div>\n\t\t\t<br class=\"clear\"\/>\n\t\t\t<div class=\"portfolio_classic_content\">\n\t\t\t\t<h3 class=\"portfolio_classic_title\">Natalia Pancec &amp; Maxim Belciug - Boleras Sevillanas<\/h3>\n\t\t\t\t<div class=\"portfolio_classic_subtitle\">10 mai 2010<\/div>\n\t\t\t<\/div>\n\t\t<\/div>\n\t\t<div class=\"portfolio_classic_grid_wrapper tg_three_cols last  portfolio-12 tile scale-anm recital all filterable\">\n\t\t\t<div class=\"portfolio_classic_img video_grid_wrapper\">\n\t\t\t\t<a href=\"#\" class=\"video_card\" data-video-type=\"youtube\" data-video-id=\"C8Y-CF_6aN8\">\n\t\t\t\t\t<img src=\"https:\/\/www.nataliapancec.ro\/wp-content\/uploads\/2020\/06\/Veronica-Gheorghe-Recital-de-muzica-si-poezie-Unirea-ne-ar-face-puternici--700x393.png\" alt=\"\" class=\"video_card__image\" \/>\n\t\t\t\t<\/a>\n\t\t\t<\/div>\n\t\t\t<br class=\"clear\"\/>\n\t\t\t<div class=\"portfolio_classic_content\">\n\t\t\t\t<h3 class=\"portfolio_classic_title\"> Veronica Gheorghe ,Recital de muzica si poezie ,, Unirea ne (ar )face puternici &#039;&#039;<\/h3>\n\t\t\t\t<div class=\"portfolio_classic_subtitle\">10 ianuarie 2020<\/div>\n\t\t\t<\/div>\n\t\t<\/div>\n\t\t<div class=\"portfolio_classic_grid_wrapper tg_three_cols   portfolio-13 tile scale-anm concertmaistru all filterable\">\n\t\t\t<div class=\"portfolio_classic_img video_grid_wrapper\">\n\t\t\t\t<a href=\"#\" class=\"video_card\" data-video-type=\"youtube\" data-video-id=\"h7wHjSGVjt0\">\n\t\t\t\t\t<img src=\"https:\/\/www.nataliapancec.ro\/wp-content\/uploads\/2020\/06\/Stagiune-online-Filarmonica-\u201eGeorge-Enescu\u201c-\u201eVisul-lui-Gerontius\u201c-700x393.jpg\" alt=\"\" class=\"video_card__image\" \/>\n\t\t\t\t<\/a>\n\t\t\t<\/div>\n\t\t\t<br class=\"clear\"\/>\n\t\t\t<div class=\"portfolio_classic_content\">\n\t\t\t\t<h3 class=\"portfolio_classic_title\">Stagiune online Filarmonica \u201eGeorge Enescu\u201c - \u201eVisul lui Gerontius\u201c<\/h3>\n\t\t\t\t<div class=\"portfolio_classic_subtitle\">18 octombrie 2019<\/div>\n\t\t\t<\/div>\n\t\t<\/div>\n\t\t<div class=\"portfolio_classic_grid_wrapper tg_three_cols   portfolio-14 tile scale-anm concertmaistru all filterable\">\n\t\t\t<div class=\"portfolio_classic_img video_grid_wrapper\">\n\t\t\t\t<a href=\"#\" class=\"video_card\" data-video-type=\"youtube\" data-video-id=\"Bq82fCTBrfI\">\n\t\t\t\t\t<img src=\"https:\/\/www.nataliapancec.ro\/wp-content\/uploads\/2020\/06\/Festivalul-Interna\u021bional-\u201dVacan\u021be-Muzicale\u201d-la-Piatra-Neam\u021b-700x393.png\" alt=\"\" class=\"video_card__image\" \/>\n\t\t\t\t<\/a>\n\t\t\t<\/div>\n\t\t\t<br class=\"clear\"\/>\n\t\t\t<div class=\"portfolio_classic_content\">\n\t\t\t\t<h3 class=\"portfolio_classic_title\">Festivalul Interna\u021bional \u201dVacan\u021be Muzicale\u201d la Piatra-Neam\u021b<\/h3>\n\t\t\t\t<div class=\"portfolio_classic_subtitle\">2 iulie 2019<\/div>\n\t\t\t<\/div>\n\t\t<\/div>\n\t\t<div class=\"portfolio_classic_grid_wrapper tg_three_cols last  portfolio-15 tile scale-anm concertmaistru all filterable\">\n\t\t\t<div class=\"portfolio_classic_img video_grid_wrapper\">\n\t\t\t\t<a href=\"#\" class=\"video_card\" data-video-type=\"youtube\" data-video-id=\"Ag-1Os7RBe0\">\n\t\t\t\t\t<img src=\"https:\/\/www.nataliapancec.ro\/wp-content\/uploads\/2020\/06\/Concert-Stefano-Bollani-700x393.jpg\" alt=\"\" class=\"video_card__image\" \/>\n\t\t\t\t<\/a>\n\t\t\t<\/div>\n\t\t\t<br class=\"clear\"\/>\n\t\t\t<div class=\"portfolio_classic_content\">\n\t\t\t\t<h3 class=\"portfolio_classic_title\">Concert Stefano Bollani<\/h3>\n\t\t\t\t<div class=\"portfolio_classic_subtitle\">27 August 2018<\/div>\n\t\t\t<\/div>\n\t\t<\/div>\n\t\t<div class=\"portfolio_classic_grid_wrapper tg_three_cols   portfolio-16 tile scale-anm recital all filterable\">\n\t\t\t<div class=\"portfolio_classic_img video_grid_wrapper\">\n\t\t\t\t<a href=\"#\" class=\"video_card\" data-video-type=\"youtube\" data-video-id=\"BnpLWzHXve8\">\n\t\t\t\t\t<img src=\"https:\/\/www.nataliapancec.ro\/wp-content\/uploads\/2020\/03\/preview-concert-aniversar-2-700x393.jpg\" alt=\"\" class=\"video_card__image\" \/>\n\t\t\t\t<\/a>\n\t\t\t<\/div>\n\t\t\t<br class=\"clear\"\/>\n\t\t\t<div class=\"portfolio_classic_content\">\n\t\t\t\t<h3 class=\"portfolio_classic_title\">Brahms - Dans ungar nr. 5<\/h3>\n\t\t\t\t<div class=\"portfolio_classic_subtitle\">Adriana Toacsen la pian<\/div>\n\t\t\t<\/div>\n\t\t<\/div>\n<br class=\"clear\"\/>\n<\/div>\n<\/div>\t\t<\/div>\n\t\t\t\t<\/div>\n\t\t\t\t\t\t<\/div>\n\t\t\t\t\t<\/div>\n\t\t<\/div>\n\t\t\t\t\t\t\t\t<\/div>\n\t\t\t\t\t<\/div>\n\t\t<\/section>\n\t\t\t\t\t\t<\/div>\n\t\t\t\t\t\t<\/div>\n\t\t\t\t\t<\/div>\n\t\t","protected":false},"excerpt":{"rendered":"<p>Selectie Galerie video All Solista Recital Concertmaistru recital Vivaldi &#8211; Spring and Summer with Natalia Pancec 4 martie 2017 Mendelssohn Violin Concerto E minor 6 februarie 2014 Mozart &#8211; Violin Concerto No.5 in A Major 31 august 2016 Cesar Franck [&hellip;]<\/p>\n","protected":false},"author":4,"featured_media":0,"parent":0,"menu_order":0,"comment_status":"closed","ping_status":"closed","template":"","meta":[],"_links":{"self":[{"href":"https:\/\/www.nataliapancec.ro\/index.php\/wp-json\/wp\/v2\/pages\/346"}],"collection":[{"href":"https:\/\/www.nataliapancec.ro\/index.php\/wp-json\/wp\/v2\/pages"}],"about":[{"href":"https:\/\/www.nataliapancec.ro\/index.php\/wp-json\/wp\/v2\/types\/page"}],"author":[{"embeddable":true,"href":"https:\/\/www.nataliapancec.ro\/index.php\/wp-json\/wp\/v2\/users\/4"}],"replies":[{"embeddable":true,"href":"https:\/\/www.nataliapancec.ro\/index.php\/wp-json\/wp\/v2\/comments?post=346"}],"version-history":[{"count":31,"href":"https:\/\/www.nataliapancec.ro\/index.php\/wp-json\/wp\/v2\/pages\/346\/revisions"}],"predecessor-version":[{"id":4015,"href":"https:\/\/www.nataliapancec.ro\/index.php\/wp-json\/wp\/v2\/pages\/346\/revisions\/4015"}],"wp:attachment":[{"href":"https:\/\/www.nataliapancec.ro\/index.php\/wp-json\/wp\/v2\/media?parent=346"}],"curies":[{"name":"wp","href":"https:\/\/api.w.org\/{rel}","templated":true}]}}